{"id":1675,"date":"2022-08-19T16:46:59","date_gmt":"2022-08-19T16:46:59","guid":{"rendered":"https:\/\/bmark.com.tr\/?page_id=1675"},"modified":"2022-08-19T19:44:09","modified_gmt":"2022-08-19T19:44:09","slug":"contact","status":"publish","type":"page","link":"https:\/\/bmark.com.tr\/ar\/contact\/","title":{"rendered":"\u062a\u0648\u0627\u0635\u0644 \u0645\u0639\u0646\u0627"},"content":{"rendered":"<div data-elementor-type=\"wp-page\" data-elementor-id=\"1675\" class=\"elementor elementor-1675\">\n\t\t\t\t\t\t\t\t\t<section class=\"has_ma_el_bg_slider elementor-section elementor-top-section elementor-element elementor-element-6c6a666 elementor-section-boxed elementor-section-height-default elementor-section-height-default jltma-glass-effect-no\" data-id=\"6c6a666\" data-element_type=\"section\">\n\t\t\t\t\t\t<div class=\"elementor-container elementor-column-gap-default\">\n\t\t\t\t\t<div class=\"has_ma_el_bg_slider elementor-column elementor-col-100 elementor-top-column elementor-element elementor-element-8b3aa15 jltma-glass-effect-no\" data-id=\"8b3aa15\" data-element_type=\"column\">\n\t\t\t<div class=\"elementor-widget-wrap elementor-element-populated\">\n\t\t\t\t\t\t\t\t<div class=\"elementor-element elementor-element-a339dce nomarge jltma-glass-effect-no elementor-widget elementor-widget-text-editor\" data-id=\"a339dce\" data-element_type=\"widget\" data-widget_type=\"text-editor.default\">\n\t\t\t\t<div class=\"elementor-widget-container\">\n\t\t\t<style>\/*! elementor - v3.7.1 - 14-08-2022 *\/\n.elementor-widget-text-editor.elementor-drop-cap-view-stacked .elementor-drop-cap{background-color:#818a91;color:#fff}.elementor-widget-text-editor.elementor-drop-cap-view-framed .elementor-drop-cap{color:#818a91;border:3px solid;background-color:transparent}.elementor-widget-text-editor:not(.elementor-drop-cap-view-default) .elementor-drop-cap{margin-top:8px}.elementor-widget-text-editor:not(.elementor-drop-cap-view-default) .elementor-drop-cap-letter{width:1em;height:1em}.elementor-widget-text-editor .elementor-drop-cap{float:left;text-align:center;line-height:1;font-size:50px}.elementor-widget-text-editor .elementor-drop-cap-letter{display:inline-block}<\/style>\t\t\t\t\u0645\u0646 \u0641\u0636\u0644\u0643 \u0642\u0645 \u0628\u0645\u0644\u0626 \u0647\u0630\u0627 \u0627\u0644\u0646\u0645\u0648\u0630\u062c \u0628\u0645\u062a\u0637\u0644\u0628\u0627\u062a\u0643 \u0648\u0645\u0639\u0644\u0648\u0645\u0627\u062a \u0627\u062a\u0635\u0627\u0644\u0643\u060c \u0648\u0633\u064a\u0642\u0648\u0645 \u0641\u0631\u064a\u0642\u0646\u0627 \u0628\u0627\u0644\u0631\u062f \u0639\u0644\u064a\u0643 \u0641\u0649 \u0623\u0633\u0631\u0639 \u0648\u0642\u062a  \u0623\u0648\u064a\u0645\u0643\u0646\u0643 \u0627\u0644\u0625\u062a\u0635\u0627\u0644 \u0628\u0646\u0627 \u0641\u064a \u0623\u0648\u0642\u0627\u062a \u0639\u0645\u0644\u0646\u0627 (9 \u0635\u0628\u0627\u062d\u0627\u064b - 5 \u0645\u0633\u0627\u0621\u064b) \u0644\u0645\u0646\u0627\u0642\u0634\u0629 \u0645\u0634\u0631\u0648\u0639 \u0639\u0645\u0644\u0643 \u0648\u0627\u0644\u0623\u062c\u0627\u0628\u0629 \u0639\u0644\u0649 \u062a\u0633\u0627\u0624\u0644\u0627\u062a\u0643\u0645.\t\t\t\t\t\t<\/div>\n\t\t\t\t<\/div>\n\t\t\t\t\t<\/div>\n\t\t<\/div>\n\t\t\t\t\t\t\t<\/div>\n\t\t<\/section>\n\t\t\t\t<section class=\"has_ma_el_bg_slider elementor-section elementor-top-section elementor-element elementor-element-dca8f8e elementor-section-boxed elementor-section-height-default elementor-section-height-default jltma-glass-effect-no\" data-id=\"dca8f8e\" data-element_type=\"section\">\n\t\t\t\t\t\t<div class=\"elementor-container elementor-column-gap-default\">\n\t\t\t\t\t<div class=\"has_ma_el_bg_slider elementor-column elementor-col-50 elementor-top-column elementor-element elementor-element-6333e2a jltma-glass-effect-no\" data-id=\"6333e2a\" data-element_type=\"column\">\n\t\t\t<div class=\"elementor-widget-wrap elementor-element-populated\">\n\t\t\t\t\t\t\t\t<div class=\"elementor-element elementor-element-d4d4eb1 jltma-glass-effect-no elementor-widget elementor-widget-wpforms\" data-id=\"d4d4eb1\" data-element_type=\"widget\" data-widget_type=\"wpforms.default\">\n\t\t\t\t<div class=\"elementor-widget-container\">\n\t\t\t<div class=\"wpforms-container wpforms-container-full cform\" id=\"wpforms-1690\"><form id=\"wpforms-form-1690\" class=\"wpforms-validate wpforms-form wpforms-ajax-form\" data-formid=\"1690\" method=\"post\" enctype=\"multipart\/form-data\" action=\"\/ar\/wp-json\/wp\/v2\/pages\/1675\" data-token=\"2c6236331b062869f698a00483e929f7\" data-trp-original-action=\"\/ar\/wp-json\/wp\/v2\/pages\/1675\"><div class=\"wpforms-head-container\"><div class=\"wpforms-title\">\u0646\u0645\u0648\u0630\u062c \u0627\u0644\u062a\u0648\u0627\u0635\u0644<\/div><\/div><noscript class=\"wpforms-error-noscript\">Please enable JavaScript in your browser to complete this form.<\/noscript><div class=\"wpforms-field-container\"><div id=\"wpforms-1690-field_1-container\" class=\"wpforms-field wpforms-field-text wpforms-one-half wpforms-first wpforms-mobile-full\" data-field-id=\"1\"><label class=\"wpforms-field-label wpforms-label-hide\" for=\"wpforms-1690-field_1\">Name <span class=\"wpforms-required-label\">*<\/span><\/label><input type=\"text\" id=\"wpforms-1690-field_1\" class=\"wpforms-field-large wpforms-field-required\" name=\"wpforms[fields][1]\" placeholder=\"\u0627\u0644\u0627\u0633\u0645\" required><\/div><div id=\"wpforms-1690-field_2-container\" class=\"wpforms-field wpforms-field-email wpforms-one-half wpforms-mobile-full\" data-field-id=\"2\"><label class=\"wpforms-field-label wpforms-label-hide\" for=\"wpforms-1690-field_2\">Email <span class=\"wpforms-required-label\">*<\/span><\/label><input type=\"email\" id=\"wpforms-1690-field_2\" class=\"wpforms-field-large wpforms-field-required\" name=\"wpforms[fields][2]\" placeholder=\"\u0627\u0644\u0628\u0631\u064a\u062f \u0627\u0644\u0627\u0644\u0643\u062a\u0631\u0648\u0646\u064a\" required><\/div><div id=\"wpforms-1690-field_3-container\" class=\"wpforms-field wpforms-field-phone wpforms-one-half wpforms-first wpforms-mobile-full\" data-field-id=\"3\"><label class=\"wpforms-field-label wpforms-label-hide\" for=\"wpforms-1690-field_3\">Phone Number<\/label><input type=\"tel\" id=\"wpforms-1690-field_3\" class=\"wpforms-field-large\" data-rule-int-phone-field=\"true\" name=\"wpforms[fields][3]\" placeholder=\"\u0631\u0642\u0645 \u0627\u0644\u0647\u0627\u062a\u0641\" ><\/div><div id=\"wpforms-1690-field_5-container\" class=\"wpforms-field wpforms-field-select wpforms-one-half wpforms-mobile-full arfix wpforms-field-select-style-modern\" data-field-id=\"5\"><label class=\"wpforms-field-label wpforms-label-hide\" for=\"wpforms-1690-field_5\">Where are you located? <span class=\"wpforms-required-label\">*<\/span><\/label><select id=\"wpforms-1690-field_5\" class=\"wpforms-field-large wpforms-field-required choicesjs-select\" data-size-class=\"wpforms-field-row wpforms-field-large\" data-search-enabled=\"1\" name=\"wpforms[fields][5]\" required=\"required\"><option value=\"\" class=\"placeholder\" disabled selected='selected'>\u0627\u0644\u062f\u0648\u0644\u0629<\/option><option value=\"Bahrain\" >Bahrain<\/option><option value=\"Egypt\" >Egypt<\/option><option value=\"Iraq\" >Iraq<\/option><option value=\"Jordan\" >Jordan<\/option><option value=\"Kuwait\" >Kuwait<\/option><option value=\"Lebanon\" >Lebanon<\/option><option value=\"Oman\" >Oman<\/option><option value=\"Qatar\" >Qatar<\/option><option value=\"Saudi Arabia\" >Saudi Arabia<\/option><option value=\"Turkey\" >Turkey<\/option><option value=\"UAE\" >UAE<\/option><option value=\"UK\" >UK<\/option><\/select><\/div><div id=\"wpforms-1690-field_4-container\" class=\"wpforms-field wpforms-field-textarea\" data-field-id=\"4\"><label class=\"wpforms-field-label wpforms-label-hide\" for=\"wpforms-1690-field_4\">How may we help you? <span class=\"wpforms-required-label\">*<\/span><\/label><textarea id=\"wpforms-1690-field_4\" class=\"wpforms-field-large wpforms-field-required\" name=\"wpforms[fields][4]\" placeholder=\"\u0623\u062e\u0628\u0631\u0646\u0627 \u0628\u0627\u062e\u062a\u0635\u0627\u0631 \u0643\u064a\u0641 \u064a\u0645\u0643\u0646\u0646\u0627 \u0645\u0633\u0627\u0639\u062f\u062a\u0643\" required><\/textarea><\/div><\/div><div class=\"wpforms-submit-container\"><input type=\"hidden\" name=\"wpforms[id]\" value=\"1690\"><input type=\"hidden\" name=\"wpforms[author]\" value=\"1\"><button type=\"submit\" name=\"wpforms[submit]\" id=\"wpforms-submit-1690\" class=\"wpforms-submit\" data-alt-text=\"Sending...\" data-submit-text=\"Submit\" aria-live=\"assertive\" value=\"wpforms-submit\">\u0623\u0631\u0633\u0644<\/button><img decoding=\"async\" loading=\"lazy\" src=\"https:\/\/bmark.com.tr\/wp-content\/plugins\/wpforms\/assets\/images\/submit-spin.svg\" class=\"wpforms-submit-spinner\" style=\"display: none;\" width=\"26\" height=\"26\" alt=\"Loading\"><\/div><input type=\"hidden\" name=\"trp-form-language\" value=\"ar\"\/><\/form><\/div>  <!-- .wpforms-container -->\t\t<\/div>\n\t\t\t\t<\/div>\n\t\t\t\t\t<\/div>\n\t\t<\/div>\n\t\t\t\t<div class=\"has_ma_el_bg_slider elementor-column elementor-col-50 elementor-top-column elementor-element elementor-element-1f3490f jltma-glass-effect-no\" data-id=\"1f3490f\" data-element_type=\"column\">\n\t\t\t<div class=\"elementor-widget-wrap elementor-element-populated\">\n\t\t\t\t\t\t\t\t<div class=\"elementor-element elementor-element-cdbf478 jltma-glass-effect-no elementor-widget elementor-widget-text-editor\" data-id=\"cdbf478\" data-element_type=\"widget\" data-widget_type=\"text-editor.default\">\n\t\t\t\t<div class=\"elementor-widget-container\">\n\t\t\t\t\t\t\tAtak\u00f6y 7-8-9-10 k\u0131sm mah , \u00c7oban\u00e7e\u015fme E-5 , Selenium Retro Block : A No: 18\/1 Office: 71\t\t\t\t\t\t<\/div>\n\t\t\t\t<\/div>\n\t\t\t\t<div class=\"elementor-element elementor-element-680c60a jltma-glass-effect-no elementor-widget elementor-widget-html\" data-id=\"680c60a\" data-element_type=\"widget\" data-widget_type=\"html.default\">\n\t\t\t\t<div class=\"elementor-widget-container\">\n\t\t\t<iframe src=\"https:\/\/www.google.com\/maps\/embed?pb=!1m18!1m12!1m3!1d3011.5778993438958!2d28.83436054285766!3d40.99072279028174!2m3!1f0!2f0!3f0!3m2!1i1024!2i768!4f13.1!3m3!1m2!1s0x14caa3f54e231bf3%3A0x6bf6c88096965cc0!2sBmark%20reklam%20ve%20pazarlama!5e0!3m2!1sen!2sus!4v1660938155866!5m2!1sen!2sus\" height=\"250\" style=\"border:0;width:100%;\" allowfullscreen=\"\" loading=\"lazy\" referrerpolicy=\"no-referrer-when-downgrade\"><\/iframe>\t\t<\/div>\n\t\t\t\t<\/div>\n\t\t\t\t<div class=\"elementor-element elementor-element-2ecb78e elementor-icon-list--layout-traditional elementor-list-item-link-full_width jltma-glass-effect-no elementor-widget elementor-widget-icon-list\" data-id=\"2ecb78e\" data-element_type=\"widget\" data-widget_type=\"icon-list.default\">\n\t\t\t\t<div class=\"elementor-widget-container\">\n\t\t\t<link rel=\"stylesheet\" href=\"https:\/\/bmark.com.tr\/wp-content\/plugins\/elementor\/assets\/css\/widget-icon-list.min.css\">\t\t<ul class=\"elementor-icon-list-items\">\n\t\t\t\t\t\t\t<li class=\"elementor-icon-list-item\">\n\t\t\t\t\t\t\t\t\t\t\t<a href=\"tel:905387819558\">\n\n\t\t\t\t\t\t\t\t\t\t\t\t<span class=\"elementor-icon-list-icon\">\n\t\t\t\t\t\t\t<i aria-hidden=\"true\" class=\"fas fa-phone-alt\"><\/i>\t\t\t\t\t\t<\/span>\n\t\t\t\t\t\t\t\t\t\t<span class=\"elementor-icon-list-text\"><strong>Phone:<\/strong> +90 538 781 95 58<\/span>\n\t\t\t\t\t\t\t\t\t\t\t<\/a>\n\t\t\t\t\t\t\t\t\t<\/li>\n\t\t\t\t\t\t\t\t<li class=\"elementor-icon-list-item\">\n\t\t\t\t\t\t\t\t\t\t\t<a href=\"mailto:info@bmark.com.tr\">\n\n\t\t\t\t\t\t\t\t\t\t\t\t<span class=\"elementor-icon-list-icon\">\n\t\t\t\t\t\t\t<i aria-hidden=\"true\" class=\"fas fa-envelope\"><\/i>\t\t\t\t\t\t<\/span>\n\t\t\t\t\t\t\t\t\t\t<span class=\"elementor-icon-list-text\"><strong>Email:<\/strong> info@bmark.com.tr<\/span>\n\t\t\t\t\t\t\t\t\t\t\t<\/a>\n\t\t\t\t\t\t\t\t\t<\/li>\n\t\t\t\t\t\t\t\t<li class=\"elementor-icon-list-item\">\n\t\t\t\t\t\t\t\t\t\t\t<span class=\"elementor-icon-list-icon\">\n\t\t\t\t\t\t\t<i aria-hidden=\"true\" class=\"fas fa-info-circle\"><\/i>\t\t\t\t\t\t<\/span>\n\t\t\t\t\t\t\t\t\t\t<span class=\"elementor-icon-list-text\"><strong>Tax Number:<\/strong> 1781480293<\/span>\n\t\t\t\t\t\t\t\t\t<\/li>\n\t\t\t\t\t\t<\/ul>\n\t\t\t\t<\/div>\n\t\t\t\t<\/div>\n\t\t\t\t\t<\/div>\n\t\t<\/div>\n\t\t\t\t\t\t\t<\/div>\n\t\t<\/section>\n\t\t\t\t\t\t\t<\/div>","protected":false},"excerpt":{"rendered":"<p>Please fill out this form with your requirements and contact information, and our team will get back to you or give us a call in our office timings (9 am-5 pm) to discuss your business project.Atak\u00f6y 7-8-9-10 k\u0131sm mah , \u00c7oban\u00e7e\u015fme E-5 , Selenium Retro Block : A No: 18\/1 Office: 71 Phone: +90 538 [&hellip;]<\/p>","protected":false},"author":1,"featured_media":0,"parent":0,"menu_order":0,"comment_status":"closed","ping_status":"closed","template":"","meta":{"om_disable_all_campaigns":false,"_monsterinsights_skip_tracking":false,"_monsterinsights_sitenote_active":false,"_monsterinsights_sitenote_note":"","_monsterinsights_sitenote_category":0},"aioseo_notices":[],"_links":{"self":[{"href":"https:\/\/bmark.com.tr\/ar\/wp-json\/wp\/v2\/pages\/1675"}],"collection":[{"href":"https:\/\/bmark.com.tr\/ar\/wp-json\/wp\/v2\/pages"}],"about":[{"href":"https:\/\/bmark.com.tr\/ar\/wp-json\/wp\/v2\/types\/page"}],"author":[{"embeddable":true,"href":"https:\/\/bmark.com.tr\/ar\/wp-json\/wp\/v2\/users\/1"}],"replies":[{"embeddable":true,"href":"https:\/\/bmark.com.tr\/ar\/wp-json\/wp\/v2\/comments?post=1675"}],"version-history":[{"count":74,"href":"https:\/\/bmark.com.tr\/ar\/wp-json\/wp\/v2\/pages\/1675\/revisions"}],"predecessor-version":[{"id":1806,"href":"https:\/\/bmark.com.tr\/ar\/wp-json\/wp\/v2\/pages\/1675\/revisions\/1806"}],"wp:attachment":[{"href":"https:\/\/bmark.com.tr\/ar\/wp-json\/wp\/v2\/media?parent=1675"}],"curies":[{"name":"wp","href":"https:\/\/api.w.org\/{rel}","templated":true}]}}